{"id":73,"date":"2016-04-15T16:52:53","date_gmt":"2016-04-15T16:52:53","guid":{"rendered":"http:\/\/scientastic.org\/?page_id=73"},"modified":"2022-03-09T13:21:16","modified_gmt":"2022-03-09T11:21:16","slug":"evenements","status":"publish","type":"page","link":"https:\/\/scientastic.org\/?page_id=73","title":{"rendered":"Ev\u00e9nements Scientastic"},"content":{"rendered":"<p><span style=\"color: #ff6600;\"><strong>Historique<\/strong><\/span><\/p>\n<p><span style=\"color: #000000;\"><strong>&#8220;J&#8217;ai trouv\u00e9 2019!&#8221;<\/strong><\/span><\/p>\n<p>Nous avons le plaisir de vous annoncer que, suite au succ\u00e8s de &#8220;J&#8217;ai trouv\u00e9&#8221; en 2018, nous avons re\u00e7u une nouvelle subvention pour 2019.\u00a0 Gr\u00e2ce \u00e0 ce soutien, nous proposons nos ateliers au prix de<strong> 2.80 EUR\/\u00e9l\u00e8ve<\/strong> avec un minimum de 190 EUR jusqu&#8217;en d\u00e9cembre 2019. Vous pouvez d\u00e8s \u00e0 pr\u00e9sent r\u00e9server en nous envoyant un courriel \u00e0 info@scientastic.be avec copie \u00e0 baudouin.hubert@gmail.com, ou en nous t\u00e9l\u00e9phonant au 02-732.13.36 en n&#8217;oubliant pas de pr\u00e9ciser le nombre d&#8217;\u00e9l\u00e8ves, le th\u00e8me s\u00e9lectionn\u00e9, les \u00e2ges et la date. Pour plus d&#8217;information sur nos ateliers, vous pouvez consulter la page sur nos ateliers scolaires.<\/p>\n<p>Nous sommes conscients que beaucoup d&#8217;\u00e9coles ne connaissent toujours pas nos services d&#8217;animations dans les \u00e9coles et que nous aurions besoin, \u00e9galement pour ceux-ci, d&#8217;une campagne de communication importante.<\/p>\n<p>Nous remercions la F\u00e9d\u00e9ration Wallonie Bruxelles pour son soutien sans laquelle nous n&#8217;aurions pas pu offrir cette r\u00e9duction.<\/p>\n<p style=\"text-align: left;\"><strong>Eurobotics<\/strong><\/p>\n<p style=\"text-align: left;\"><span style=\"color: #000000;\">Vous aimez la robotique ou celle-ci vous intrigue et vous d\u00e9sirez avoir r\u00e9ponses \u00e0 vos questions, alors vous allez adorer!<\/span><\/p>\n<p style=\"text-align: left;\">Eurobotics coordonne l&#8217;organisation de tr\u00e8s nombreux \u00e9v\u00e9nements grand public dans toute l&#8217;Europe. Les \u00e9v\u00e9nements ont lieu en automne chaque ann\u00e9e.<\/p>\n<p style=\"text-align: left;\">\n<h3><\/h3>\n","protected":false},"excerpt":{"rendered":"<p>Historique &#8220;J&#8217;ai trouv\u00e9 2019!&#8221; Nous avons le plaisir de vous annoncer que, suite au succ\u00e8s de &#8220;J&#8217;ai trouv\u00e9&#8221; en 2018, nous avons re\u00e7u une nouvelle subvention pour 2019.\u00a0 Gr\u00e2ce \u00e0 ce soutien, nous proposons nos ateliers au prix de 2.80 EUR\/\u00e9l\u00e8ve avec un minimum de 190 EUR jusqu&#8217;en d\u00e9cembre 2019. Vous pouvez d\u00e8s \u00e0 pr\u00e9sent &hellip; <a href=\"https:\/\/scientastic.org\/?page_id=73\" class=\"more-link\">Continue reading <span class=\"screen-reader-text\">Ev\u00e9nements Scientastic<\/span> <span class=\"meta-nav\">&rarr;<\/span><\/a><\/p>\n","protected":false},"author":1,"featured_media":0,"parent":0,"menu_order":0,"comment_status":"closed","ping_status":"closed","template":"","meta":{"footnotes":""},"class_list":["post-73","page","type-page","status-publish","hentry"],"_links":{"self":[{"href":"https:\/\/scientastic.org\/index.php?rest_route=\/wp\/v2\/pages\/73","targetHints":{"allow":["GET"]}}],"collection":[{"href":"https:\/\/scientastic.org\/index.php?rest_route=\/wp\/v2\/pages"}],"about":[{"href":"https:\/\/scientastic.org\/index.php?rest_route=\/wp\/v2\/types\/page"}],"author":[{"embeddable":true,"href":"https:\/\/scientastic.org\/index.php?rest_route=\/wp\/v2\/users\/1"}],"replies":[{"embeddable":true,"href":"https:\/\/scientastic.org\/index.php?rest_route=%2Fwp%2Fv2%2Fcomments&post=73"}],"version-history":[{"count":44,"href":"https:\/\/scientastic.org\/index.php?rest_route=\/wp\/v2\/pages\/73\/revisions"}],"predecessor-version":[{"id":499,"href":"https:\/\/scientastic.org\/index.php?rest_route=\/wp\/v2\/pages\/73\/revisions\/499"}],"wp:attachment":[{"href":"https:\/\/scientastic.org\/index.php?rest_route=%2Fwp%2Fv2%2Fmedia&parent=73"}],"curies":[{"name":"wp","href":"https:\/\/api.w.org\/{rel}","templated":true}]}}