{"id":52,"date":"2016-02-08T10:15:00","date_gmt":"2016-02-08T10:15:00","guid":{"rendered":"http:\/\/scientastic.org\/?page_id=52"},"modified":"2025-05-05T08:01:51","modified_gmt":"2025-05-05T06:01:51","slug":"visite-grand-place","status":"publish","type":"page","link":"https:\/\/scientastic.org\/?page_id=52","title":{"rendered":"Visite Grand Place"},"content":{"rendered":"<p><span style=\"font-family: Arial, Helvetica, sans-serif;\">Vous allez \u00e0 Bruxelles et d\u00e9sirez visiter son coeur historique?<\/span><\/p>\n<p><span style=\"font-family: Arial, Helvetica, sans-serif;\">Scientastic vous propose des parcours hors du commun. En effet, en plus de pr\u00e9senter les hauts lieux touristiques du centre ville, nous vous proposons de vivre ceux-ci \u00e0 plein sens.<\/span><\/p>\n<p><span style=\"font-family: Arial, Helvetica, sans-serif;\">Nous les traitons non seulement comme des sujets historiques et culturels mais \u00e9galement comme de v\u00e9ritables exp\u00e9riences sensorielles.<\/span><\/p>\n<p><span style=\"font-family: Arial, Helvetica, sans-serif;\"><img loading=\"lazy\" decoding=\"async\" class=\"alignright\" src=\"http:\/\/www.scientastic.com\/picts\/grand_place\/tserclaes2.jpg\" alt=\"\" width=\"186\" height=\"157\" align=\"left\" border=\"1\" \/>Ainsi, en abordant la statue de t&#8217;Serclaes, nous vous demanderons s&#8217;il est possible de deviner \u00e0 l&#8217;aveugle les parties qui ont \u00e9t\u00e9 dor\u00e9es par les milliers de touristes qui la frottent tous les jours?<\/span><\/p>\n<p><span style=\"font-family: Arial, Helvetica, sans-serif;\">Nous mettrons \u00e9galement vos sens \u00e0 l&#8217;\u00e9preuve et vous demanderons si certains b\u00e2timents de la Grand Place sont aussi sym\u00e9triques et r\u00e9guliers qu&#8217;ils ne paraissent?<\/span><\/p>\n<p><span style=\"font-family: Arial, Helvetica, sans-serif;\">Et nous observerons ensemble \u00e9galement les belles dorures qui ornent les b\u00e2timents, une occasion d&#8217;aborder un peu de chimie et de physique mais aussi de perception. Qu&#8217;est-ce exactement la couleur dor\u00e9e? Qu&#8217;est-ce qui la distingue d&#8217;une couleur comme l&#8217;orange, le brun ou le jaune?<img loading=\"lazy\" decoding=\"async\" class=\"alignright\" src=\"http:\/\/www.scientastic.com\/picts\/grand_place\/mannekenpis.jpg\" alt=\"\" width=\"62\" height=\"128\" align=\"right\" hspace=\"20\" \/><\/span><\/p>\n<p><span style=\"font-family: Arial, Helvetica, sans-serif;\">Et le jet d&#8217;eau du Mannekenpis, de quoi est-il vraiment compos\u00e9? Etes-vous bien s\u00fbr que vos yeux ne vous trompent pas?<\/span><\/p>\n<p>Prix: 160 Euros par animateur. Un animateur peut prendre une classe de 25 jeunes.<\/p>\n<p>Dur\u00e9e: 1h15 \u00e0 1h30<\/p>\n<p>Pour r\u00e9server, merci de nous envoyer un mail \u00e0 info@scientastic.be avec en copie baudouin.hubert@gmail.com<\/p>\n\n\n<p><\/p>\n","protected":false},"excerpt":{"rendered":"<p>Vous allez \u00e0 Bruxelles et d\u00e9sirez visiter son coeur historique? Scientastic vous propose des parcours hors du commun. En effet, en plus de pr\u00e9senter les hauts lieux touristiques du centre ville, nous vous proposons de vivre ceux-ci \u00e0 plein sens. Nous les traitons non seulement comme des sujets historiques et culturels mais \u00e9galement comme de &hellip; <a href=\"https:\/\/scientastic.org\/?page_id=52\" class=\"more-link\">Continue reading <span class=\"screen-reader-text\">Visite Grand Place<\/span> <span class=\"meta-nav\">&rarr;<\/span><\/a><\/p>\n","protected":false},"author":1,"featured_media":0,"parent":0,"menu_order":0,"comment_status":"closed","ping_status":"closed","template":"","meta":{"footnotes":""},"class_list":["post-52","page","type-page","status-publish","hentry"],"_links":{"self":[{"href":"https:\/\/scientastic.org\/index.php?rest_route=\/wp\/v2\/pages\/52","targetHints":{"allow":["GET"]}}],"collection":[{"href":"https:\/\/scientastic.org\/index.php?rest_route=\/wp\/v2\/pages"}],"about":[{"href":"https:\/\/scientastic.org\/index.php?rest_route=\/wp\/v2\/types\/page"}],"author":[{"embeddable":true,"href":"https:\/\/scientastic.org\/index.php?rest_route=\/wp\/v2\/users\/1"}],"replies":[{"embeddable":true,"href":"https:\/\/scientastic.org\/index.php?rest_route=%2Fwp%2Fv2%2Fcomments&post=52"}],"version-history":[{"count":13,"href":"https:\/\/scientastic.org\/index.php?rest_route=\/wp\/v2\/pages\/52\/revisions"}],"predecessor-version":[{"id":538,"href":"https:\/\/scientastic.org\/index.php?rest_route=\/wp\/v2\/pages\/52\/revisions\/538"}],"wp:attachment":[{"href":"https:\/\/scientastic.org\/index.php?rest_route=%2Fwp%2Fv2%2Fmedia&parent=52"}],"curies":[{"name":"wp","href":"https:\/\/api.w.org\/{rel}","templated":true}]}}