{"id":304,"date":"2018-09-11T14:15:34","date_gmt":"2018-09-11T14:15:34","guid":{"rendered":"http:\/\/scientastic.org\/?page_id=304"},"modified":"2018-09-11T17:24:54","modified_gmt":"2018-09-11T15:24:54","slug":"conditions-de-traitement-des-donnees-personnelles","status":"publish","type":"page","link":"https:\/\/scientastic.org\/?page_id=304","title":{"rendered":"Private Policy"},"content":{"rendered":"<p><span style=\"color: #1a1a1a;\"><span style=\"font-family: ArialMT, sans-serif;\"><span style=\"font-size: small;\"><b>Conditions de traitement des donn\u00e9es personnelles par le Scientastic dans le cadre de l&#8217;envoi de ses newsletters<\/b><\/span><\/span><\/span><\/p>\n<p><span style=\"color: #1a1a1a;\"><span style=\"font-family: ArialMT, sans-serif;\"><span style=\"font-size: small;\">Le respect de vos donn\u00e9es personnelles est important pour le Scientastic. Nous nous effor\u00e7ons de les traiter conform\u00e9ment \u00e0 la loi, de mani\u00e8re licite, loyale et transparente. Les donn\u00e9es personnelles que vous nous communiquez ne seront pas utilis\u00e9es pour une finalit\u00e9 autre que l&#8217;envoi de nos newsletters sans accord pr\u00e9alable de votre part, sauf dans le cas o\u00f9 un traitement serait n\u00e9cessaire au respect d&#8217;une obligation l\u00e9gale ou \u00e0 l&#8217;ex\u00e9cution de nos missions d&#8217;int\u00e9r\u00eats publics. Le responsable du traitement de vos donn\u00e9es est le Scientastic lui m\u00eame dont le si\u00e8ge social est 23 rue de la Jonchaie, bte 43, 1040 Bruxelles. En aucun cas, ces donn\u00e9es ne seront c\u00e9d\u00e9es \u00e0, ou partag\u00e9es avec, des tiers sans accord pr\u00e9alable de votre part, en dehors des sous-traitants intervenant dans le traitement de vos donn\u00e9es. Vous avez le droit d&#8217;acc\u00e9der et faire rectifier ou supprimer vos donn\u00e9es en utilisant l&#8217;adresse \u00e9lectronique ci-dessous qui vous est envoy\u00e9e avec chaque Newsletter. Via cette m\u00eame adresse, vous pouvez toujours annuler votre abonnement \u00e0 nos newsletters<\/span><\/span><\/span><\/p>\n","protected":false},"excerpt":{"rendered":"<p>Conditions de traitement des donn\u00e9es personnelles par le Scientastic dans le cadre de l&#8217;envoi de ses newsletters Le respect de vos donn\u00e9es personnelles est important pour le Scientastic. Nous nous effor\u00e7ons de les traiter conform\u00e9ment \u00e0 la loi, de mani\u00e8re licite, loyale et transparente. Les donn\u00e9es personnelles que vous nous communiquez ne seront pas utilis\u00e9es &hellip; <a href=\"https:\/\/scientastic.org\/?page_id=304\" class=\"more-link\">Continue reading <span class=\"screen-reader-text\">Private Policy<\/span> <span class=\"meta-nav\">&rarr;<\/span><\/a><\/p>\n","protected":false},"author":1,"featured_media":0,"parent":0,"menu_order":0,"comment_status":"closed","ping_status":"closed","template":"","meta":{"footnotes":""},"class_list":["post-304","page","type-page","status-publish","hentry"],"_links":{"self":[{"href":"https:\/\/scientastic.org\/index.php?rest_route=\/wp\/v2\/pages\/304","targetHints":{"allow":["GET"]}}],"collection":[{"href":"https:\/\/scientastic.org\/index.php?rest_route=\/wp\/v2\/pages"}],"about":[{"href":"https:\/\/scientastic.org\/index.php?rest_route=\/wp\/v2\/types\/page"}],"author":[{"embeddable":true,"href":"https:\/\/scientastic.org\/index.php?rest_route=\/wp\/v2\/users\/1"}],"replies":[{"embeddable":true,"href":"https:\/\/scientastic.org\/index.php?rest_route=%2Fwp%2Fv2%2Fcomments&post=304"}],"version-history":[{"count":4,"href":"https:\/\/scientastic.org\/index.php?rest_route=\/wp\/v2\/pages\/304\/revisions"}],"predecessor-version":[{"id":311,"href":"https:\/\/scientastic.org\/index.php?rest_route=\/wp\/v2\/pages\/304\/revisions\/311"}],"wp:attachment":[{"href":"https:\/\/scientastic.org\/index.php?rest_route=%2Fwp%2Fv2%2Fmedia&parent=304"}],"curies":[{"name":"wp","href":"https:\/\/api.w.org\/{rel}","templated":true}]}}