{"id":275,"date":"2018-01-25T08:04:34","date_gmt":"2018-01-25T08:04:34","guid":{"rendered":"http:\/\/scientastic.org\/?page_id=275"},"modified":"2018-01-25T08:04:34","modified_gmt":"2018-01-25T08:04:34","slug":"experiences","status":"publish","type":"page","link":"https:\/\/scientastic.org\/?page_id=275","title":{"rendered":"Exp\u00e9riences"},"content":{"rendered":"<p>Cette page vous propose, au fil de l&#8217;actualit\u00e9, des moments de d\u00e9couvertes \u00e0 partager en famille et avec les amis.<\/p>\n<p>Ainsi, le 19 janvier \u00e9tait la journ\u00e9e internationale du Pop-Corn.<\/p>\n<h1 class=\"western\" align=\"CENTER\">Explosions dans la cuisine\u00a0!<\/h1>\n<h2 class=\"western\" align=\"CENTER\">Pop Corn<\/h2>\n<p>Le Pop Corn, que l&#8217;on pourrait traduire litt\u00e9ralement par Ma\u00efs Eclatant porte bien son nom. Chauff\u00e9, il explose en \u00e9mettant un \u00ab\u00a0pop\u00a0\u00bb. Mais pourquoi cette explosion\u00a0?<\/p>\n<p>La r\u00e9ponse est simple. Le pop corn est un grain de mais. Il est compos\u00e9 essentiellement d&#8217;une enveloppe dure et s\u00e8che \u00e0 l&#8217;ext\u00e9rieur et essentiellement de l&#8217;am<a href=\"http:\/\/scientastic.org\/wp-content\/uploads\/2018\/01\/Popcorn_up_close_salted_and_air_popped.jpg\"><img loading=\"lazy\" decoding=\"async\" class=\"size-medium wp-image-277 alignright\" src=\"http:\/\/scientastic.org\/wp-content\/uploads\/2018\/01\/Popcorn_up_close_salted_and_air_popped-300x224.jpg\" alt=\"\" width=\"300\" height=\"224\" srcset=\"https:\/\/scientastic.org\/wp-content\/uploads\/2018\/01\/Popcorn_up_close_salted_and_air_popped-300x224.jpg 300w, https:\/\/scientastic.org\/wp-content\/uploads\/2018\/01\/Popcorn_up_close_salted_and_air_popped-768x574.jpg 768w, https:\/\/scientastic.org\/wp-content\/uploads\/2018\/01\/Popcorn_up_close_salted_and_air_popped-1024x765.jpg 1024w\" sizes=\"auto, (max-width: 300px) 100vw, 300px\" \/><\/a>idon humide \u00e0 l&#8217;int\u00e9rieur (14-20% d&#8217;humidit\u00e9. En chauffant le pop corn, vous faites bouillir l&#8217;eau \u00e0 l&#8217;int\u00e9rieur, la vapeur augmente la pression qui pousse de plus en plus fort sur l&#8217;enveloppe. Lorsque la pression est trop forte pour l&#8217;enveloppe, celle-ci se rompt et explose. Quant \u00e0 l&#8217;aliment \u00e0 l&#8217;int\u00e9rieur, lib\u00e9r\u00e9 de sa prison, il peut alors gonfler brusquement.<\/p>\n<p>Pour comprendre comment la pression peut produire une explosion, vous pouvez faire l&#8217;exp\u00e9rience du tube d&#8217;aspirine fus\u00e9e.<\/p>\n<p>On met un cachet d&#8217;aspirine effervescent dans un tube d&#8217;aspirine. Puis en enchainant rapidement, on verse de l&#8217;eau dans le tube (plus ou moins la moiti\u00e9), on referme le tube avec son capuchon, on retourne le tube pour qu&#8217;il repose sur son capuchon, et pour la s\u00e9curit\u00e9, on d\u00e9gage\u00a0! Attention 10,9,8&#8230;&#8230;0, le tube part comme une fus\u00e9e vers le haut.<\/p>\n<p>Baudouin Hubert<\/p>\n<p>15\/01\/18 &#8211; Copy Right<\/p>\n","protected":false},"excerpt":{"rendered":"<p>Cette page vous propose, au fil de l&#8217;actualit\u00e9, des moments de d\u00e9couvertes \u00e0 partager en famille et avec les amis. Ainsi, le 19 janvier \u00e9tait la journ\u00e9e internationale du Pop-Corn. Explosions dans la cuisine\u00a0! Pop Corn Le Pop Corn, que l&#8217;on pourrait traduire litt\u00e9ralement par Ma\u00efs Eclatant porte bien son nom. Chauff\u00e9, il explose en &hellip; <a href=\"https:\/\/scientastic.org\/?page_id=275\" class=\"more-link\">Continue reading <span class=\"screen-reader-text\">Exp\u00e9riences<\/span> <span class=\"meta-nav\">&rarr;<\/span><\/a><\/p>\n","protected":false},"author":1,"featured_media":0,"parent":0,"menu_order":0,"comment_status":"closed","ping_status":"closed","template":"","meta":{"footnotes":""},"class_list":["post-275","page","type-page","status-publish","hentry"],"_links":{"self":[{"href":"https:\/\/scientastic.org\/index.php?rest_route=\/wp\/v2\/pages\/275","targetHints":{"allow":["GET"]}}],"collection":[{"href":"https:\/\/scientastic.org\/index.php?rest_route=\/wp\/v2\/pages"}],"about":[{"href":"https:\/\/scientastic.org\/index.php?rest_route=\/wp\/v2\/types\/page"}],"author":[{"embeddable":true,"href":"https:\/\/scientastic.org\/index.php?rest_route=\/wp\/v2\/users\/1"}],"replies":[{"embeddable":true,"href":"https:\/\/scientastic.org\/index.php?rest_route=%2Fwp%2Fv2%2Fcomments&post=275"}],"version-history":[{"count":2,"href":"https:\/\/scientastic.org\/index.php?rest_route=\/wp\/v2\/pages\/275\/revisions"}],"predecessor-version":[{"id":278,"href":"https:\/\/scientastic.org\/index.php?rest_route=\/wp\/v2\/pages\/275\/revisions\/278"}],"wp:attachment":[{"href":"https:\/\/scientastic.org\/index.php?rest_route=%2Fwp%2Fv2%2Fmedia&parent=275"}],"curies":[{"name":"wp","href":"https:\/\/api.w.org\/{rel}","templated":true}]}}