{"id":223,"date":"2017-10-17T19:07:49","date_gmt":"2017-10-17T19:07:49","guid":{"rendered":"http:\/\/scientastic.org\/?page_id=223"},"modified":"2022-03-09T13:19:44","modified_gmt":"2022-03-09T11:19:44","slug":"robots","status":"publish","type":"page","link":"https:\/\/scientastic.org\/?page_id=223","title":{"rendered":"Eurobotics"},"content":{"rendered":"<p><a href=\"https:\/\/www.eu-robotics.net\/\">Eurobotics<\/a> organise des activit\u00e9s sur la robotique dans toute l&#8217;Europe.<\/p>\n<p>Les domaines d&#8217;application o\u00f9 la robotique peut aider nos soci\u00e9t\u00e9s sont tr\u00e8s nombreux, comme par exemple dans l&#8217;aide aux personnes \u00e2g\u00e9es alors que la pyramide des \u00e2ges \u00e0 tendance \u00e0 s&#8217;inverser et qu&#8217;il y aura de moins en moins de jeunes pour s&#8217;en occuper, ou encore l&#8217;exploration des domaines difficiles d&#8217;acc\u00e8s pour l&#8217;\u00eatre humain (profondeur des oc\u00e9ans, espace, haute montagne, d\u00e9combres apr\u00e8s les tremblements de terre, &#8230;).<\/p>\n<p>Alors que ces technologies se d\u00e9veloppent tr\u00e8s rapidement, il nous semble donc important de contribuer \u00e0 initier les jeunes pour qu&#8217;ils puissent plus tard se les approprier et les utiliser au mieux (voir nos ateliers sur la robotique)<\/p>\n<p>C&#8217;est pourquoi, nous sommes heureux d&#8217;avoir \u00e9t\u00e9 s\u00e9lectionn\u00e9s pour \u00eatre un des coordinateurs de Eurobotics pour la Belgique.<\/p>\n<p><a href=\"http:\/\/scientastic.org\/wp-content\/uploads\/2017\/12\/certificate_appreciation.png\"><img loading=\"lazy\" decoding=\"async\" class=\"alignnone size-medium wp-image-258\" src=\"http:\/\/scientastic.org\/wp-content\/uploads\/2017\/12\/certificate_appreciation-300x211.png\" alt=\"\" width=\"300\" height=\"211\" srcset=\"https:\/\/scientastic.org\/wp-content\/uploads\/2017\/12\/certificate_appreciation-300x211.png 300w, https:\/\/scientastic.org\/wp-content\/uploads\/2017\/12\/certificate_appreciation-768x541.png 768w, https:\/\/scientastic.org\/wp-content\/uploads\/2017\/12\/certificate_appreciation-1024x721.png 1024w, https:\/\/scientastic.org\/wp-content\/uploads\/2017\/12\/certificate_appreciation.png 1381w\" sizes=\"auto, (max-width: 300px) 100vw, 300px\" \/><\/a><\/p>\n<p>Si vous d\u00e9sirez organiser un \u00e9v\u00e9nements ou d\u00e9velopper un programme \u00e9ducatif sur ce th\u00e8me, n&#8217;h\u00e9sitez pas \u00e0 nous contacter. Nous serons tr\u00e8s heureux d&#8217;examiner avec vous ce que nous pouvons faire ensemble.<\/p>\n","protected":false},"excerpt":{"rendered":"<p>Eurobotics organise des activit\u00e9s sur la robotique dans toute l&#8217;Europe. Les domaines d&#8217;application o\u00f9 la robotique peut aider nos soci\u00e9t\u00e9s sont tr\u00e8s nombreux, comme par exemple dans l&#8217;aide aux personnes \u00e2g\u00e9es alors que la pyramide des \u00e2ges \u00e0 tendance \u00e0 s&#8217;inverser et qu&#8217;il y aura de moins en moins de jeunes pour s&#8217;en occuper, ou &hellip; <a href=\"https:\/\/scientastic.org\/?page_id=223\" class=\"more-link\">Continue reading <span class=\"screen-reader-text\">Eurobotics<\/span> <span class=\"meta-nav\">&rarr;<\/span><\/a><\/p>\n","protected":false},"author":1,"featured_media":0,"parent":0,"menu_order":0,"comment_status":"closed","ping_status":"closed","template":"","meta":{"footnotes":""},"class_list":["post-223","page","type-page","status-publish","hentry"],"_links":{"self":[{"href":"https:\/\/scientastic.org\/index.php?rest_route=\/wp\/v2\/pages\/223","targetHints":{"allow":["GET"]}}],"collection":[{"href":"https:\/\/scientastic.org\/index.php?rest_route=\/wp\/v2\/pages"}],"about":[{"href":"https:\/\/scientastic.org\/index.php?rest_route=\/wp\/v2\/types\/page"}],"author":[{"embeddable":true,"href":"https:\/\/scientastic.org\/index.php?rest_route=\/wp\/v2\/users\/1"}],"replies":[{"embeddable":true,"href":"https:\/\/scientastic.org\/index.php?rest_route=%2Fwp%2Fv2%2Fcomments&post=223"}],"version-history":[{"count":8,"href":"https:\/\/scientastic.org\/index.php?rest_route=\/wp\/v2\/pages\/223\/revisions"}],"predecessor-version":[{"id":497,"href":"https:\/\/scientastic.org\/index.php?rest_route=\/wp\/v2\/pages\/223\/revisions\/497"}],"wp:attachment":[{"href":"https:\/\/scientastic.org\/index.php?rest_route=%2Fwp%2Fv2%2Fmedia&parent=223"}],"curies":[{"name":"wp","href":"https:\/\/api.w.org\/{rel}","templated":true}]}}