{"id":2,"date":"2015-10-06T06:54:29","date_gmt":"2015-10-06T06:54:29","guid":{"rendered":"http:\/\/scientastic.org\/?page_id=2"},"modified":"2025-06-26T10:34:02","modified_gmt":"2025-06-26T08:34:02","slug":"sample-page","status":"publish","type":"page","link":"https:\/\/scientastic.org\/?page_id=2","title":{"rendered":"Soutenir Scientastic Expo"},"content":{"rendered":"<p>Pour un Nouveau Centre de D\u00e9couverte des Sciences \u00e0 Bruxelles<\/p>\n<p><strong>Historique<\/strong><br \/>\n<strong><em>Un succ\u00e8s\u00a0!<\/em><\/strong><br \/>\nScientastic est une a.s.b.l. fond\u00e9e en 1994 par Baudouin Hubert \u00e0 partir de ses propres fonds. Son but est de motiver les jeunes de tous \u00e2ges \u00e0 d\u00e9couvrir, observer, et exp\u00e9rimenter le monde scientifiquement. Entre 1994 et 2012, Scientastic a accueilli plus de 500.000 visiteurs dans un local de 1.000 m2 situ\u00e9 \u00e0 la Bourse dans la station de M\u00e9tro, \u00e0 deux minutes \u00e0 pied de la Grand Place. Dans les derni\u00e8res ann\u00e9es, il accueillait 50.000 visiteurs par an et connaissait une croissance rapide.<br \/>\nLes visiteurs \u00e9taient la source principale de revenus, celle-ci atteignant plus de 95% du budget. Scientastic a montr\u00e9 qu&#8217;il \u00e9tait possible pour ce type de mus\u00e9e de ne pas d\u00e9pendre des subventions qui ne repr\u00e9sentaient que 3% du budget.<br \/>\nLe mus\u00e9e \u00e9tait une des principales attractions touristiques \u00e0 Bruxelles, et la destination num\u00e9ro 1 pour les voyages scolaires des \u00e9coles primaires \u00e0 Bruxelles. 50% de ses visiteurs \u00e9taient des \u00e9tudiants. La cl\u00e9 du succ\u00e8s r\u00e9sidait dans sa qualit\u00e9 de service, en particulier les services de visite guid\u00e9e participative et les ateliers scolaires. Il jouissait d&#8217;un tr\u00e8s bon taux de satisfaction de ses visiteurs. Il participait annuellement \u00e0 des programmes d&#8217;ateliers scolaires en collaboration avec les universit\u00e9s belges (ULB et UCL). Il fut s\u00e9lectionn\u00e9 6 fois pour organiser un spectacle participatif scientifique pour la \u00ab\u00a0F\u00eate Nationale\u00a0\u00bb et fut invit\u00e9 \u00e0 faire des animations \u00e0 la \u00ab\u00a0F\u00eate des Sciences\u00a0\u00bb \u00e0 Lavillette Paris en 2007 et 2008. Le Palais de la D\u00e9couverte de Paris lui consacre un article dans son magazine en 2012.<br \/>\n<strong>Un \u00e9v\u00e9nement tragique\u00a0!<\/strong><br \/>\nMalheureusement, cette belle histoire s&#8217;arr\u00eate brusquement lorsque, le 1er septembre 2012, alors qu&#8217;une proc\u00e9dure juridique \u00e9tait en cours pour statuer sur une prolongation de son bail avec la Stib (la soci\u00e9t\u00e9 de transport en commun bruxellois), cette derni\u00e8re d\u00e9cida de ne pas attendre la justice et expulsa Scientastic, en l&#8217;absence de ses repr\u00e9sentants, la nuit, un WE, et sans jugement d&#8217;expulsion. Cette nuit l\u00e0, la Stib d\u00e9cida \u00e9galement de d\u00e9truire enti\u00e8rement l&#8217;exposition du Scientastic. Il ne reste rien des plus de 100 exp\u00e9riences interactives du mus\u00e9e.<br \/>\n<strong>Aller de l&#8217;avant\u00a0!<\/strong><br \/>\nAussi dramatique que cet \u00e9v\u00e9nement puisse \u00eatre, on essaie de le consid\u00e9rer comme un nouveau d\u00e9part forc\u00e9 et nous avons le projet de monter une nouvelle exposition dans un nouveau lieu. N&#8217;ayant plus d&#8217;exposition, la t\u00e2che est ardue mais, fort heureusement pour notre d\u00e9mocratie, la justice\u00a0 a condamn\u00e9 la Stib \u00e0 nous d\u00e9dommager pour la destruction de notre exposition et mat\u00e9riel ce qui nous a permis &#8211; apr\u00e8s 12 ans de proc\u00e9dure &#8211;\u00a0 de trouver une issue favorable \u00e0 l&#8217;amiable avec celle-ci.<\/p>\n<p>Si vous voulez soutenir le Scientastic, le plus facile est de vous faire ami sur notre page Facebook<a href=\"https:\/\/www.facebook.com\/scientastic.musee\"> Scientastic Mus\u00e9e<\/a> que nous mettrons bient\u00f4t \u00e0 jour et d&#8217;inciter vos amis \u00e0 en faire autant. N&#8217;h\u00e9sitez pas \u00e0 nous contacter pour toute suggestion ou proposition de collaboration ou si vous aimeriez que nous vous assistions dans le d\u00e9veloppement de vos propres projets de diffusions des sciences.<\/p>\n","protected":false},"excerpt":{"rendered":"<p>Pour un Nouveau Centre de D\u00e9couverte des Sciences \u00e0 Bruxelles Historique Un succ\u00e8s\u00a0! Scientastic est une a.s.b.l. fond\u00e9e en 1994 par Baudouin Hubert \u00e0 partir de ses propres fonds. Son but est de motiver les jeunes de tous \u00e2ges \u00e0 d\u00e9couvrir, observer, et exp\u00e9rimenter le monde scientifiquement. Entre 1994 et 2012, Scientastic a accueilli plus &hellip; <a href=\"https:\/\/scientastic.org\/?page_id=2\" class=\"more-link\">Continue reading <span class=\"screen-reader-text\">Soutenir Scientastic Expo<\/span> <span class=\"meta-nav\">&rarr;<\/span><\/a><\/p>\n","protected":false},"author":1,"featured_media":0,"parent":0,"menu_order":0,"comment_status":"closed","ping_status":"open","template":"","meta":{"footnotes":""},"class_list":["post-2","page","type-page","status-publish","hentry"],"_links":{"self":[{"href":"https:\/\/scientastic.org\/index.php?rest_route=\/wp\/v2\/pages\/2","targetHints":{"allow":["GET"]}}],"collection":[{"href":"https:\/\/scientastic.org\/index.php?rest_route=\/wp\/v2\/pages"}],"about":[{"href":"https:\/\/scientastic.org\/index.php?rest_route=\/wp\/v2\/types\/page"}],"author":[{"embeddable":true,"href":"https:\/\/scientastic.org\/index.php?rest_route=\/wp\/v2\/users\/1"}],"replies":[{"embeddable":true,"href":"https:\/\/scientastic.org\/index.php?rest_route=%2Fwp%2Fv2%2Fcomments&post=2"}],"version-history":[{"count":12,"href":"https:\/\/scientastic.org\/index.php?rest_route=\/wp\/v2\/pages\/2\/revisions"}],"predecessor-version":[{"id":543,"href":"https:\/\/scientastic.org\/index.php?rest_route=\/wp\/v2\/pages\/2\/revisions\/543"}],"wp:attachment":[{"href":"https:\/\/scientastic.org\/index.php?rest_route=%2Fwp%2Fv2%2Fmedia&parent=2"}],"curies":[{"name":"wp","href":"https:\/\/api.w.org\/{rel}","templated":true}]}}