{"id":12,"date":"2016-02-01T13:47:43","date_gmt":"2016-02-01T13:47:43","guid":{"rendered":"http:\/\/scientastic.org\/?page_id=12"},"modified":"2022-08-19T11:14:34","modified_gmt":"2022-08-19T09:14:34","slug":"fetes-danniversaires","status":"publish","type":"page","link":"https:\/\/scientastic.org\/?page_id=12","title":{"rendered":"F\u00eates d&#8217;anniversaire"},"content":{"rendered":"<h3 class=\"texte\">F\u00eate d&#8217;anniversaire \u00e0 domicile<\/h3>\n<p class=\"texte\"><em><strong>&#8220;La science et les 5 sens!&#8221;.<\/strong><\/em>\u00a0<strong>4-11 ans<\/strong><\/p>\n<p class=\"texte\">Les enfants s&#8217;amusent \u00e0 d\u00e9couvrir une dizaine d&#8217;exp\u00e9riences\u00a0 surprenantes. Apr\u00e8s les avoir essay\u00e9es, ils essaient bri\u00e8vement de trouver le truc scientifique qui se cache derri\u00e8re celles-ci.<\/p>\n<p>Le programme varie en fonction de l&#8217;\u00e9nergie, de l&#8217;\u00e2ge et de l&#8217;int\u00e9r\u00eat des enfants.<\/p>\n<p class=\"texte\">Par exemple, ils pourront r\u00e9aliser une petite fus\u00e9e (soyez sans crainte, l&#8217;exp\u00e9rience n&#8217;est pas dangereuse), faire voler une petite balle dans un jet d&#8217;air, mettre des lunettes sp\u00e9ciales et essayer de serrer la main de l&#8217;animateur, construire une illusion qu&#8217;ils peuvent ramener \u00e0 la maison&#8230;<\/p>\n<p class=\"texte\">Pour les plus petits, le programme contient \u00e9galement des jeux sensoriels.<\/p>\n<p class=\"texte\">Nombre maximum d&#8217;enfants: 12.<\/p>\n<p class=\"texte\">Dur\u00e9e: 1h30 (2&#215;40 minutes avec 10 minutes de pose entre les deux p\u00e9riodes)<\/p>\n<p class=\"texte\">Prix: 200 Euros<\/p>\n<p>Pour r\u00e9server, merci de nous envoyer un mail \u00e0 info@scientastic.be avec en baudouin.hubert@gmail.com<\/p>\n<p><strong>\u201cRobots\u201d 4 &#8211; 14 ans<\/strong><\/p>\n<p>Les jeunes programment un petit v\u00e9hicule robotique, Thymio, tr\u00e8s sympathique. Ils pourront au choix, le faire changer de couleur quand ils le caressent, le programmer pour que Thymio les suive comme un petit chien suit son ma\u00eetre<\/p>\n<p><a href=\"http:\/\/scientastic.org\/wp-content\/uploads\/2016\/11\/DSCF0301.jpg\"><img loading=\"lazy\" decoding=\"async\" class=\"alignnone size-medium wp-image-188\" src=\"http:\/\/scientastic.org\/wp-content\/uploads\/2016\/11\/DSCF0301-246x300.jpg\" alt=\"\" width=\"246\" height=\"300\" srcset=\"https:\/\/scientastic.org\/wp-content\/uploads\/2016\/11\/DSCF0301-246x300.jpg 246w, https:\/\/scientastic.org\/wp-content\/uploads\/2016\/11\/DSCF0301-768x935.jpg 768w, https:\/\/scientastic.org\/wp-content\/uploads\/2016\/11\/DSCF0301-841x1024.jpg 841w\" sizes=\"auto, (max-width: 246px) 100vw, 246px\" \/><\/a><\/p>\n<p>Prix: 220 Euros<\/p>\n<p>Dur\u00e9e: 1h30<\/p>\n","protected":false},"excerpt":{"rendered":"<p>F\u00eate d&#8217;anniversaire \u00e0 domicile &#8220;La science et les 5 sens!&#8221;.\u00a04-11 ans Les enfants s&#8217;amusent \u00e0 d\u00e9couvrir une dizaine d&#8217;exp\u00e9riences\u00a0 surprenantes. Apr\u00e8s les avoir essay\u00e9es, ils essaient bri\u00e8vement de trouver le truc scientifique qui se cache derri\u00e8re celles-ci. Le programme varie en fonction de l&#8217;\u00e9nergie, de l&#8217;\u00e2ge et de l&#8217;int\u00e9r\u00eat des enfants. Par exemple, ils pourront &hellip; <a href=\"https:\/\/scientastic.org\/?page_id=12\" class=\"more-link\">Continue reading <span class=\"screen-reader-text\">F\u00eates d&#8217;anniversaire<\/span> <span class=\"meta-nav\">&rarr;<\/span><\/a><\/p>\n","protected":false},"author":1,"featured_media":0,"parent":0,"menu_order":0,"comment_status":"closed","ping_status":"closed","template":"","meta":{"footnotes":""},"class_list":["post-12","page","type-page","status-publish","hentry"],"_links":{"self":[{"href":"https:\/\/scientastic.org\/index.php?rest_route=\/wp\/v2\/pages\/12","targetHints":{"allow":["GET"]}}],"collection":[{"href":"https:\/\/scientastic.org\/index.php?rest_route=\/wp\/v2\/pages"}],"about":[{"href":"https:\/\/scientastic.org\/index.php?rest_route=\/wp\/v2\/types\/page"}],"author":[{"embeddable":true,"href":"https:\/\/scientastic.org\/index.php?rest_route=\/wp\/v2\/users\/1"}],"replies":[{"embeddable":true,"href":"https:\/\/scientastic.org\/index.php?rest_route=%2Fwp%2Fv2%2Fcomments&post=12"}],"version-history":[{"count":22,"href":"https:\/\/scientastic.org\/index.php?rest_route=\/wp\/v2\/pages\/12\/revisions"}],"predecessor-version":[{"id":511,"href":"https:\/\/scientastic.org\/index.php?rest_route=\/wp\/v2\/pages\/12\/revisions\/511"}],"wp:attachment":[{"href":"https:\/\/scientastic.org\/index.php?rest_route=%2Fwp%2Fv2%2Fmedia&parent=12"}],"curies":[{"name":"wp","href":"https:\/\/api.w.org\/{rel}","templated":true}]}}